{"id":31,"date":"2021-05-20T07:08:02","date_gmt":"2021-05-20T07:08:02","guid":{"rendered":"http:\/\/miguezcutrin.es\/?page_id=31"},"modified":"2021-05-20T09:04:34","modified_gmt":"2021-05-20T09:04:34","slug":"politica-de-cookies","status":"publish","type":"page","link":"https:\/\/miguezcutrin.es\/index.php\/politica-de-cookies\/","title":{"rendered":"Pol\u00edtica de Cookies"},"content":{"rendered":"<div id='av_section_1'  class='avia-section main_color avia-section-default avia-no-border-styling  av-section-color-overlay-active avia-bg-style-fixed  avia-builder-el-0  el_before_av_section  avia-builder-el-first   container_wrap sidebar_right' style='background-repeat: no-repeat; background-image: url(https:\/\/miguezcutrin.es\/wp-content\/uploads\/2021\/05\/Fondo-Miguez-Cutrin.jpg);background-attachment: fixed; background-position: center center;  '  data-section-bg-repeat='no-repeat'><div class='av-section-color-overlay-wrap'><div class='av-section-color-overlay' style='opacity: 0.8; background-color: #ecb939; '><\/div><div class='container' ><main  role=\"main\" itemprop=\"mainContentOfPage\"  class='template-page content  av-content-small alpha units'><div class='post-entry post-entry-type-page post-entry-31'><div class='entry-content-wrapper clearfix'>\n<div  style='padding-bottom:10px; color:#ffffff;font-size:45px;' class='av-special-heading av-special-heading-h2 custom-color-heading blockquote modern-quote modern-centered  avia-builder-el-1  avia-builder-el-no-sibling  av-inherit-size '><h2 class='av-special-heading-tag '  itemprop=\"headline\"  >Pol\u00edtica de Cookies<\/h2><div class='special-heading-border'><div class='special-heading-inner-border' style='border-color:#ffffff'><\/div><\/div><\/div>\n<\/div><\/div><\/main><!-- close content main element --><\/div><\/div><\/div><div id='av_section_2'  class='avia-section main_color avia-section-default avia-no-border-styling  avia-bg-style-scroll  avia-builder-el-2  el_after_av_section  avia-builder-el-last   container_wrap sidebar_right' style=' '  ><div class='container' ><div class='template-page content  av-content-small alpha units'><div class='post-entry post-entry-type-page post-entry-31'><div class='entry-content-wrapper clearfix'>\n<section class=\"av_textblock_section \"  itemscope=\"itemscope\" itemtype=\"https:\/\/schema.org\/CreativeWork\" ><div class='avia_textblock  '   itemprop=\"text\" ><p><strong>Pol\u00edtica de Cookies<\/strong><\/p>\n<p>Esta web utiliza cookies propias y de terceros para ofrecerle una mejor experiencia y servicio. Al navegar o utilizar nuestros servicios acepta el uso que hacemos de las cookies. Sin embargo, tiene la opci\u00f3n de impedir la generaci\u00f3n de cookies y la eliminaci\u00f3n de las mismas mediante la selecci\u00f3n de la correspondiente opci\u00f3n en su Navegador. En caso de bloquear el uso de cookies en su navegador es posible que algunos servicios o funcionalidades de la p\u00e1gina Web no est\u00e9n disponibles. A continuaci\u00f3n encontrar\u00e1 informaci\u00f3n sobre qu\u00e9 son las \u201ccookies\u201d, cu\u00e1les utiliza Miguez Cutr\u00edn, c\u00f3mo puede desactivarlas en su navegador y c\u00f3mo bloquear espec\u00edficamente la instalaci\u00f3n de cookies de terceros.<\/p>\n<p><strong>\u00bfQu\u00e9 es una cookie?<\/strong><\/p>\n<p>Las cookies constituyen una herramienta empleada por los servidores Web para almacenar y recuperar informaci\u00f3n acerca de sus visitantes. Es un identificador \u00fanico en forma de fichero de texto que se remite al dispositivo del usuario para registrar informaci\u00f3n, permitiendo as\u00ed mejorar la calidad y seguridad de la p\u00e1gina web, para poder ofrecer una mejor experiencia de usuario. Poseen una fecha de caducidad a partir de la cual dejan de ser operativas<\/p>\n<p><strong>\u00bfQu\u00e9 tipos de cookies utiliza esta p\u00e1gina web?<\/strong><\/p>\n<p>En la siguiente tabla se detallan las principales cookies que utiliza miguezcutrin.es:<\/p>\n<p>\u2013 Cookies t\u00e9cnicas: Son aqu\u00e9llas que permiten al usuario la navegaci\u00f3n a trav\u00e9s de una p\u00e1gina web, plataforma o aplicaci\u00f3n y la utilizaci\u00f3n de las diferentes opciones o servicios que en ella existan como, por ejemplo, controlar el tr\u00e1fico y la comunicaci\u00f3n de datos, identificar la sesi\u00f3n, acceder a partes de acceso restringido, recordar los elementos que integran un pedido, realizar el proceso de compra de un pedido, utilizar elementos de seguridad durante la navegaci\u00f3n o compartir contenidos a trav\u00e9s de redes sociales.<\/p>\n<p>\u2013 Cookies de personalizaci\u00f3n: Son aqu\u00e9llas que permiten al usuario acceder al servicio con algunas caracter\u00edsticas de car\u00e1cter general predefinidas en funci\u00f3n de una serie de criterios en el terminal del usuario como por ejemplo serian el idioma, el tipo de navegador a trav\u00e9s del cual accede al servicio, la configuraci\u00f3n regional desde donde accede al servicio, etc.<\/p>\n<p>\u2013 Cookies de an\u00e1lisis: Son aqu\u00e9llas que bien tratadas por nosotros o por terceros, nos permiten cuantificar el n\u00famero de usuarios y as\u00ed realizar la medici\u00f3n y an\u00e1lisis estad\u00edstico de la utilizaci\u00f3n que hacen los usuarios del servicio ofertado. Para ello se analiza su navegaci\u00f3n en nuestra p\u00e1gina web con el fin de mejorar la oferta de productos o servicios que le ofrecemos.<\/p>\n<p>Cookies de terceros: miguezcutrin.es puede utilizar servicios de terceros los cuales recopilan informaci\u00f3n con fines estad\u00edsticos, de uso del Site por parte del usuario y para la prestaci\u00f3n de otros servicios relacionados con la actividad del Website y otros servicios de Internet.<\/p>\n<p>En particular, este sitio Web utiliza Google Analytics, un servicio anal\u00edtico de web prestado por Google, Inc. con domicilio en los Estados Unidos con sede central en 1600 Amphitheatre Parkway, Mountain View, California 94043. Para la prestaci\u00f3n de estos servicios, estos utilizan cookies que recopilan la informaci\u00f3n, incluida la direcci\u00f3n IP del usuario, que ser\u00e1 transmitida, tratada y almacenada por Google en los t\u00e9rminos fijados en la Web Google.com. Incluyendo la posible transmisi\u00f3n de dicha informaci\u00f3n a terceros por razones de exigencia legal o cuando dichos terceros procesen la informaci\u00f3n por cuenta de Google.<\/p>\n<p>El Usuario acepta expresamente, por la utilizaci\u00f3n de este Site, el tratamiento de la informaci\u00f3n recabada en la forma y con los fines anteriormente mencionados. Y asimismo reconoce conocer la posibilidad de rechazar el tratamiento de tales datos o informaci\u00f3n rechazando el uso de Cookies mediante la selecci\u00f3n de la configuraci\u00f3n apropiada a tal fin en su navegador, explicada en el apartado siguiente.<\/p>\n<p>C\u00f3mo deshabilitar las cookies en los principales navegadores:<\/p>\n<p>a) Internet Explorer<\/p>\n<p>b) FireFox<\/p>\n<p>c) Chrome<\/p>\n<p>d) Safari<\/p>\n<p>Si lo desea puede configurar su navegador para ser avisado en pantalla de la recepci\u00f3n de cookies e impedir la instalaci\u00f3n de cookies en el disco duro. No obstante, si selecciona esta configuraci\u00f3n, quiz\u00e1s no pueda acceder a determinadas partes del sitio web o no pueda utilizar alguno de nuestros servicios. Por favor, consulte los siguientes enlaces si no quiere aceptar cookies:<\/p>\n<p>M\u00e1s informaci\u00f3n sobre como deshabilitar el uso de cookies en Firefox\u00a0<a href=\"https:\/\/support.mozilla.org\/es\/kb\/habilitar-y-deshabilitar-cookies-que-los-sitios-we\" target=\"_blank\" rel=\"noreferrer noopener\">(pulse aqu\u00ed)<\/a><\/p>\n<p>M\u00e1s informaci\u00f3n sobre como deshabilitar el uso de cookies en Chrome\u00a0<a href=\"https:\/\/support.google.com\/chrome\/answer\/95647?hl=es\" target=\"_blank\" rel=\"noreferrer noopener\">(pulse aqu\u00ed)<\/a><\/p>\n<p>M\u00e1s informaci\u00f3n sobre como deshabilitar el uso de cookies en Safari pulse aqu\u00ed\u00a0<a href=\"https:\/\/support.apple.com\/kb\/ph5042?locale=es_ES\" target=\"_blank\" rel=\"noreferrer noopener\">(pulse aqu\u00ed)<\/a><\/p>\n<p>M\u00e1s informaci\u00f3n sobre como deshabilitar el uso de cookies en Opera pulse aqu\u00ed\u00a0<a href=\"https:\/\/support.apple.com\/kb\/ph5042?locale=es_ES\" target=\"_blank\" rel=\"noreferrer noopener\">(pulse aqu\u00ed)<\/a><\/p>\n<p>M\u00e1s informaci\u00f3n sobre como deshabilitar el uso de cookies en Explorer pulse aqu\u00ed\u00a0<a href=\"http:\/\/help.opera.com\/Windows\/11.50\/es-ES\/cookies.html\" target=\"_blank\" rel=\"noreferrer noopener\">(pulse aqu\u00ed)<\/a><\/p>\n<p>Para deshabilitar las cookies de Analytics en concreto pueden hacerlo siguiendo este enlace\u00a0<a href=\"https:\/\/tools.google.com\/dlpage\/gaoptout?hl=es\" target=\"_blank\" rel=\"noreferrer noopener\">(pulse aqu\u00ed)<\/a><\/p>\n<\/div><\/section>\n<\/div><\/div><\/div><!-- close content main div --><\/div><\/div><div id='after_section_2'  class='main_color av_default_container_wrap container_wrap sidebar_right' style=' '  ><div class='container' ><div class='template-page content  av-content-small alpha units'><div class='post-entry post-entry-type-page post-entry-31'><div class='entry-content-wrapper clearfix'><\/p>\n","protected":false},"excerpt":{"rendered":"","protected":false},"author":1,"featured_media":0,"parent":0,"menu_order":0,"comment_status":"closed","ping_status":"closed","template":"","meta":[],"yoast_head":"<!-- This site is optimized with the Yoast SEO plugin v16.3 - https:\/\/yoast.com\/wordpress\/plugins\/seo\/ -->\n<title>Pol\u00edtica de Cookies - Andamios Miguez Cutr\u00edn<\/title>\n<meta name=\"robots\" content=\"index, follow, max-snippet:-1, max-image-preview:large, max-video-preview:-1\" \/>\n<link rel=\"canonical\" href=\"https:\/\/miguezcutrin.es\/index.php\/politica-de-cookies\/\" \/>\n<meta property=\"og:locale\" content=\"en_US\" \/>\n<meta property=\"og:type\" content=\"article\" \/>\n<meta property=\"og:title\" content=\"Pol\u00edtica de Cookies - Andamios Miguez Cutr\u00edn\" \/>\n<meta property=\"og:url\" content=\"https:\/\/miguezcutrin.es\/index.php\/politica-de-cookies\/\" \/>\n<meta property=\"og:site_name\" content=\"Andamios Miguez Cutr\u00edn\" \/>\n<meta property=\"article:modified_time\" content=\"2021-05-20T09:04:34+00:00\" \/>\n<meta name=\"twitter:card\" content=\"summary_large_image\" \/>\n<meta name=\"twitter:label1\" content=\"Est. reading time\">\n\t<meta name=\"twitter:data1\" content=\"6 minutes\">\n<script type=\"application\/ld+json\" class=\"yoast-schema-graph\">{\"@context\":\"https:\/\/schema.org\",\"@graph\":[{\"@type\":\"WebSite\",\"@id\":\"http:\/\/miguezcutrin.es\/#website\",\"url\":\"http:\/\/miguezcutrin.es\/\",\"name\":\"Andamios Miguez Cutr\\u00edn\",\"description\":\"Especializados en montaje, desmontaje, alquiler y venta de andamios\",\"potentialAction\":[{\"@type\":\"SearchAction\",\"target\":\"http:\/\/miguezcutrin.es\/?s={search_term_string}\",\"query-input\":\"required name=search_term_string\"}],\"inLanguage\":\"en-US\"},{\"@type\":\"WebPage\",\"@id\":\"https:\/\/miguezcutrin.es\/index.php\/politica-de-cookies\/#webpage\",\"url\":\"https:\/\/miguezcutrin.es\/index.php\/politica-de-cookies\/\",\"name\":\"Pol\\u00edtica de Cookies - Andamios Miguez Cutr\\u00edn\",\"isPartOf\":{\"@id\":\"http:\/\/miguezcutrin.es\/#website\"},\"datePublished\":\"2021-05-20T07:08:02+00:00\",\"dateModified\":\"2021-05-20T09:04:34+00:00\",\"breadcrumb\":{\"@id\":\"https:\/\/miguezcutrin.es\/index.php\/politica-de-cookies\/#breadcrumb\"},\"inLanguage\":\"en-US\",\"potentialAction\":[{\"@type\":\"ReadAction\",\"target\":[\"https:\/\/miguezcutrin.es\/index.php\/politica-de-cookies\/\"]}]},{\"@type\":\"BreadcrumbList\",\"@id\":\"https:\/\/miguezcutrin.es\/index.php\/politica-de-cookies\/#breadcrumb\",\"itemListElement\":[{\"@type\":\"ListItem\",\"position\":1,\"item\":{\"@type\":\"WebPage\",\"@id\":\"https:\/\/miguezcutrin.es\/index.php\/inicio\/\",\"url\":\"https:\/\/miguezcutrin.es\/index.php\/inicio\/\",\"name\":\"Portada\"}},{\"@type\":\"ListItem\",\"position\":2,\"item\":{\"@id\":\"https:\/\/miguezcutrin.es\/index.php\/politica-de-cookies\/#webpage\"}}]}]}<\/script>\n<!-- \/ Yoast SEO plugin. -->","_links":{"self":[{"href":"https:\/\/miguezcutrin.es\/index.php\/wp-json\/wp\/v2\/pages\/31"}],"collection":[{"href":"https:\/\/miguezcutrin.es\/index.php\/wp-json\/wp\/v2\/pages"}],"about":[{"href":"https:\/\/miguezcutrin.es\/index.php\/wp-json\/wp\/v2\/types\/page"}],"author":[{"embeddable":true,"href":"https:\/\/miguezcutrin.es\/index.php\/wp-json\/wp\/v2\/users\/1"}],"replies":[{"embeddable":true,"href":"https:\/\/miguezcutrin.es\/index.php\/wp-json\/wp\/v2\/comments?post=31"}],"version-history":[{"count":2,"href":"https:\/\/miguezcutrin.es\/index.php\/wp-json\/wp\/v2\/pages\/31\/revisions"}],"predecessor-version":[{"id":215,"href":"https:\/\/miguezcutrin.es\/index.php\/wp-json\/wp\/v2\/pages\/31\/revisions\/215"}],"wp:attachment":[{"href":"https:\/\/miguezcutrin.es\/index.php\/wp-json\/wp\/v2\/media?parent=31"}],"curies":[{"name":"wp","href":"https:\/\/api.w.org\/{rel}","templated":true}]}}