{"id":29,"date":"2021-05-20T07:07:45","date_gmt":"2021-05-20T07:07:45","guid":{"rendered":"http:\/\/miguezcutrin.es\/?page_id=29"},"modified":"2021-05-20T09:02:35","modified_gmt":"2021-05-20T09:02:35","slug":"politica-de-privacidad","status":"publish","type":"page","link":"https:\/\/miguezcutrin.es\/index.php\/politica-de-privacidad\/","title":{"rendered":"Pol\u00edtica de Privacidad"},"content":{"rendered":"<div id='av_section_1'  class='avia-section main_color avia-section-default avia-no-border-styling  av-section-color-overlay-active avia-bg-style-fixed  avia-builder-el-0  el_before_av_section  avia-builder-el-first   container_wrap sidebar_right' style='background-repeat: no-repeat; background-image: url(https:\/\/miguezcutrin.es\/wp-content\/uploads\/2021\/05\/Fondo-Miguez-Cutrin.jpg);background-attachment: fixed; background-position: center center;  '  data-section-bg-repeat='no-repeat'><div class='av-section-color-overlay-wrap'><div class='av-section-color-overlay' style='opacity: 0.8; background-color: #ecb939; '><\/div><div class='container' ><main  role=\"main\" itemprop=\"mainContentOfPage\"  class='template-page content  av-content-small alpha units'><div class='post-entry post-entry-type-page post-entry-29'><div class='entry-content-wrapper clearfix'>\n<div  style='padding-bottom:10px; color:#ffffff;font-size:45px;' class='av-special-heading av-special-heading-h2 custom-color-heading blockquote modern-quote modern-centered  avia-builder-el-1  avia-builder-el-no-sibling  av-inherit-size '><h2 class='av-special-heading-tag '  itemprop=\"headline\"  >Pol\u00edtica de Privacidad<\/h2><div class='special-heading-border'><div class='special-heading-inner-border' style='border-color:#ffffff'><\/div><\/div><\/div>\n<\/div><\/div><\/main><!-- close content main element --><\/div><\/div><\/div><div id='av_section_2'  class='avia-section main_color avia-section-default avia-no-border-styling  avia-bg-style-scroll  avia-builder-el-2  el_after_av_section  avia-builder-el-last   container_wrap sidebar_right' style=' '  ><div class='container' ><div class='template-page content  av-content-small alpha units'><div class='post-entry post-entry-type-page post-entry-29'><div class='entry-content-wrapper clearfix'>\n<section class=\"av_textblock_section \"  itemscope=\"itemscope\" itemtype=\"https:\/\/schema.org\/CreativeWork\" ><div class='avia_textblock  '   itemprop=\"text\" ><p><strong>Identidad del responsable del tratamiento de datos<\/strong>: Miguez Cutr\u00edn S.L.<\/p>\n<p><strong>Direcci\u00f3n postal<\/strong>: R\u00faa Mar\u00eda de los \u00c1ngeles de la G\u00e1ndara, 55, 15890 Santiago de Compostela, A Coru\u00f1a<\/p>\n<p><strong>Direcci\u00f3n electr\u00f3nica<\/strong>:\u00a0administracion@miguezcutrin.es<\/p>\n<p><strong>Ley aplicable<\/strong><\/p>\n<p>Se aplica el Reglamento General (UE) n\u00ba 2016\/679 de Protecci\u00f3n de Datos.<\/p>\n<p><strong>\u00a0<\/strong><strong>Finalidad del Tratamiento:<\/strong><\/p>\n<p>Los datos recabados a trav\u00e9s de los formularios incluidos en esta p\u00e1gina web sirven para el env\u00edo de informaci\u00f3n personalizada del responsable del tratamiento en funci\u00f3n de las preferencias manifestadas por el usuario.<\/p>\n<p><strong>Legitimaci\u00f3n:<\/strong><\/p>\n<p>La base legal para el tratamiento de los datos personales es el consentimiento prestado por el usuario a trav\u00e9s de las casillas o \u201ccheckbox\u201d del formulario web; o bien la existencia de una relaci\u00f3n contractual entre las partes; o bien la existencia de un inter\u00e9s leg\u00edtimo en aquellos casos en los que lo contemple el RGPD.<\/p>\n<p><strong>\u00a0<\/strong><strong>Derechos de los usuarios:<\/strong><\/p>\n<p>El usuario tiene derecho a solicitar el acceso a sus datos personales, solicitar la rectificaci\u00f3n de los datos inexactos o, en su caso, solicitar su supresi\u00f3n cuando, entre otros motivos, los datos ya no sean necesarios para los fines para los que fueron recogidos, solicitar la limitaci\u00f3n del tratamiento de sus datos, en cuyo caso \u00fanicamente los conservaremos para el ejercicio o la defensa de reclamaciones, oponerse al tratamiento de sus datos, en cuyo caso el responsable del tratamiento dejar\u00e1 de tratar sus datos, salvo por motivos leg\u00edtimos imperiosos o el ejercicio o la defensa de posibles reclamaciones y\/o solicitar la portabilidad de los datos.<\/p>\n<p><strong>Plazo de conservaci\u00f3n:<\/strong><\/p>\n<p>Los datos suministrados por los usuarios se conservar\u00e1n hasta lo estrictamente necesario para cumplir con la finalidad que motiv\u00f3 su recogida. Por su parte, el consentimiento prestado en a trav\u00e9s de los formularios web de esta p\u00e1gina tiene car\u00e1cter revocable, por lo que, en cualquier momento podr\u00e1 solicitar la supresi\u00f3n de sus datos o ejercitar cualquiera de los derechos mencionados en el apartado anterior.<\/p>\n<p><strong>Comunicaci\u00f3n de datos:<\/strong><\/p>\n<p>Los datos facilitados no ser\u00e1n cedidos ni transferidos a terceros, salvo obligaci\u00f3n legal.<\/p>\n<p><strong>Transferencias internacionales de datos:<\/strong><\/p>\n<p>\u00danicamente albergamos sus datos personales en aquellos encargados de tratamiento que cumplan con las disposiciones del Reglamento General de Protecci\u00f3n de Datos. Todos los encargados de tratamiento para el almacenamiento de datos se encuentran en el Espacio Econ\u00f3mico Europeo, en los Estados y territorios que garantizan un nivel de protecci\u00f3n adecuado al RGPD, o bien en las entidades adheridas al \u201cPrivacy Shield\u201d o \u201cescudo de privacidad\u201d de EE. UU.<\/p>\n<\/div><\/section>\n<\/div><\/div><\/div><!-- close content main div --><\/div><\/div><div id='after_section_2'  class='main_color av_default_container_wrap container_wrap sidebar_right' style=' '  ><div class='container' ><div class='template-page content  av-content-small alpha units'><div class='post-entry post-entry-type-page post-entry-29'><div class='entry-content-wrapper clearfix'><\/p>\n","protected":false},"excerpt":{"rendered":"","protected":false},"author":1,"featured_media":0,"parent":0,"menu_order":0,"comment_status":"closed","ping_status":"closed","template":"","meta":[],"yoast_head":"<!-- This site is optimized with the Yoast SEO plugin v16.3 - https:\/\/yoast.com\/wordpress\/plugins\/seo\/ -->\n<title>Pol\u00edtica de Privacidad - Andamios Miguez Cutr\u00edn<\/title>\n<meta name=\"robots\" content=\"index, follow, max-snippet:-1, max-image-preview:large, max-video-preview:-1\" \/>\n<link rel=\"canonical\" href=\"https:\/\/miguezcutrin.es\/index.php\/politica-de-privacidad\/\" \/>\n<meta property=\"og:locale\" content=\"en_US\" \/>\n<meta property=\"og:type\" content=\"article\" \/>\n<meta property=\"og:title\" content=\"Pol\u00edtica de Privacidad - Andamios Miguez Cutr\u00edn\" \/>\n<meta property=\"og:url\" content=\"https:\/\/miguezcutrin.es\/index.php\/politica-de-privacidad\/\" \/>\n<meta property=\"og:site_name\" content=\"Andamios Miguez Cutr\u00edn\" \/>\n<meta property=\"article:modified_time\" content=\"2021-05-20T09:02:35+00:00\" \/>\n<meta name=\"twitter:card\" content=\"summary_large_image\" \/>\n<meta name=\"twitter:label1\" content=\"Est. reading time\">\n\t<meta name=\"twitter:data1\" content=\"4 minutes\">\n<script type=\"application\/ld+json\" class=\"yoast-schema-graph\">{\"@context\":\"https:\/\/schema.org\",\"@graph\":[{\"@type\":\"WebSite\",\"@id\":\"http:\/\/miguezcutrin.es\/#website\",\"url\":\"http:\/\/miguezcutrin.es\/\",\"name\":\"Andamios Miguez Cutr\\u00edn\",\"description\":\"Especializados en montaje, desmontaje, alquiler y venta de andamios\",\"potentialAction\":[{\"@type\":\"SearchAction\",\"target\":\"http:\/\/miguezcutrin.es\/?s={search_term_string}\",\"query-input\":\"required name=search_term_string\"}],\"inLanguage\":\"en-US\"},{\"@type\":\"WebPage\",\"@id\":\"https:\/\/miguezcutrin.es\/index.php\/politica-de-privacidad\/#webpage\",\"url\":\"https:\/\/miguezcutrin.es\/index.php\/politica-de-privacidad\/\",\"name\":\"Pol\\u00edtica de Privacidad - Andamios Miguez Cutr\\u00edn\",\"isPartOf\":{\"@id\":\"http:\/\/miguezcutrin.es\/#website\"},\"datePublished\":\"2021-05-20T07:07:45+00:00\",\"dateModified\":\"2021-05-20T09:02:35+00:00\",\"breadcrumb\":{\"@id\":\"https:\/\/miguezcutrin.es\/index.php\/politica-de-privacidad\/#breadcrumb\"},\"inLanguage\":\"en-US\",\"potentialAction\":[{\"@type\":\"ReadAction\",\"target\":[\"https:\/\/miguezcutrin.es\/index.php\/politica-de-privacidad\/\"]}]},{\"@type\":\"BreadcrumbList\",\"@id\":\"https:\/\/miguezcutrin.es\/index.php\/politica-de-privacidad\/#breadcrumb\",\"itemListElement\":[{\"@type\":\"ListItem\",\"position\":1,\"item\":{\"@type\":\"WebPage\",\"@id\":\"https:\/\/miguezcutrin.es\/index.php\/inicio\/\",\"url\":\"https:\/\/miguezcutrin.es\/index.php\/inicio\/\",\"name\":\"Portada\"}},{\"@type\":\"ListItem\",\"position\":2,\"item\":{\"@id\":\"https:\/\/miguezcutrin.es\/index.php\/politica-de-privacidad\/#webpage\"}}]}]}<\/script>\n<!-- \/ Yoast SEO plugin. -->","_links":{"self":[{"href":"https:\/\/miguezcutrin.es\/index.php\/wp-json\/wp\/v2\/pages\/29"}],"collection":[{"href":"https:\/\/miguezcutrin.es\/index.php\/wp-json\/wp\/v2\/pages"}],"about":[{"href":"https:\/\/miguezcutrin.es\/index.php\/wp-json\/wp\/v2\/types\/page"}],"author":[{"embeddable":true,"href":"https:\/\/miguezcutrin.es\/index.php\/wp-json\/wp\/v2\/users\/1"}],"replies":[{"embeddable":true,"href":"https:\/\/miguezcutrin.es\/index.php\/wp-json\/wp\/v2\/comments?post=29"}],"version-history":[{"count":2,"href":"https:\/\/miguezcutrin.es\/index.php\/wp-json\/wp\/v2\/pages\/29\/revisions"}],"predecessor-version":[{"id":213,"href":"https:\/\/miguezcutrin.es\/index.php\/wp-json\/wp\/v2\/pages\/29\/revisions\/213"}],"wp:attachment":[{"href":"https:\/\/miguezcutrin.es\/index.php\/wp-json\/wp\/v2\/media?parent=29"}],"curies":[{"name":"wp","href":"https:\/\/api.w.org\/{rel}","templated":true}]}}