{"id":17,"date":"2021-05-20T07:06:12","date_gmt":"2021-05-20T07:06:12","guid":{"rendered":"http:\/\/miguezcutrin.es\/?page_id=17"},"modified":"2021-05-21T09:46:23","modified_gmt":"2021-05-21T09:46:23","slug":"empresa","status":"publish","type":"page","link":"https:\/\/miguezcutrin.es\/index.php\/empresa\/","title":{"rendered":"Empresa"},"content":{"rendered":"<div id='av_section_1'  class='avia-section main_color avia-section-default avia-no-border-styling  av-section-color-overlay-active avia-bg-style-fixed  avia-builder-el-0  el_before_av_layout_row  avia-builder-el-first   container_wrap sidebar_right' style='background-repeat: no-repeat; background-image: url(https:\/\/miguezcutrin.es\/wp-content\/uploads\/2021\/05\/Fondo-Miguez-Cutrin.jpg);background-attachment: fixed; background-position: center center;  '  data-section-bg-repeat='no-repeat'><div class='av-section-color-overlay-wrap'><div class='av-section-color-overlay' style='opacity: 0.8; background-color: #ecb939; '><\/div><div class='container' ><main  role=\"main\" itemprop=\"mainContentOfPage\"  class='template-page content  av-content-small alpha units'><div class='post-entry post-entry-type-page post-entry-17'><div class='entry-content-wrapper clearfix'>\n<div  style='padding-bottom:10px; color:#ffffff;font-size:45px;' class='av-special-heading av-special-heading-h2 custom-color-heading blockquote modern-quote modern-centered  avia-builder-el-1  avia-builder-el-no-sibling  av-inherit-size '><h2 class='av-special-heading-tag '  itemprop=\"headline\"  >Empresa<\/h2><div class='special-heading-border'><div class='special-heading-inner-border' style='border-color:#ffffff'><\/div><\/div><\/div>\n\n<\/div><\/div><\/main><!-- close content main element --><\/div><\/div><\/div><div id='av-layout-grid-1'  class='av-layout-grid-container entry-content-wrapper main_color av-flex-cells     avia-builder-el-2  el_after_av_section  avia-builder-el-last  submenu-not-first container_wrap sidebar_right' style=' '  >\n<div class=\"flex_cell no_margin av_one_half  avia-builder-el-3  el_before_av_cell_one_half  avia-builder-el-first   \"  style='vertical-align:middle; padding:60px; ' ><div class='flex_cell_inner' ><section class=\"av_textblock_section \"  itemscope=\"itemscope\" itemtype=\"https:\/\/schema.org\/CreativeWork\" ><div class='avia_textblock  '   itemprop=\"text\" ><div class=\"wpb_text_column wpb_content_element \">\n<div class=\"wpb_wrapper\">\n<p>Somos una empresa especializada en el montaje, desmontaje, alquiler y venta de andamio europeo y cimbra marcas\u00a0<a href=\"https:\/\/www.ulma.com\/\">ULMA<\/a> (acero) e <u>INSTANT UPRIGHT <\/u>(aluminio), as\u00ed como alquiler de pasarelas y torres m\u00f3viles de aluminio marca\u00a0<a href=\"https:\/\/www.zimal.es\/\">INSTANT UPRIGHT<\/a>\u00a0y montaje y alquiler de montamateriales\u00a0<a href=\"http:\/\/haemmerlin.com\/\">HAEMMERLIN<\/a>.<\/p>\n<p>Estos tipos de andamio y elevadores nos permiten llevar a cabo las siguientes aplicaciones: protecci\u00f3n y acceso para trabajos en fachadas y cubiertas, escaleras de acceso de zanca, pasarelas peatonales de protecci\u00f3n y paso, torres de andamio fijas y m\u00f3viles, montajes circulares, elevaci\u00f3n y acceso de materiales a pisos y a cubiertas, protecci\u00f3n perimetral, plataformas de descarga, cimbras, plataformas de mantenimiento en cubiertas y naves industriales, etc.<\/p>\n<p>Nuestra experiencia en este sector de m\u00e1s de veinte a\u00f1os nos permite poder ofrecerles los mejores servicios, con un equipo de personal debidamente cualificado y formado, tanto en montajes como en el \u00e1rea t\u00e9cnica, para poder atender cualquier necesidad que nuestros clientes puedan demandar. Y de ello da fe nuestra amplia cartera de clientes, que van desde peque\u00f1as y medianas empresas, hasta grandes empresas de \u00e1mbito internacional. Trabajamos tanto en edificaci\u00f3n y rehabilitaci\u00f3n como en obra civil.<\/p>\n<p>Cabe destacar adem\u00e1s nuestra experiencia en grandes obras, como son el<strong> hospital \u00c1lvaro Cunqueiro de Vigo<\/strong>, la\u00a0<strong>nueva terminal del aeropuerto de Santiago de Compostela<\/strong>, la\u00a0<strong>torre del Reloj de la\u00a0<\/strong><a href=\"http:\/\/catedraldesantiago.es\/\"><strong>Catedral de Santiago<\/strong><\/a>, Edificio Museo, Edificio Font\u00e1n, Biblioteca y Edificio de Servicios en la\u00a0<a href=\"http:\/\/www.cidadedacultura.gal\/\"><strong>Ciudad de la Cultura<\/strong><\/a>, estaci\u00f3n INTERMODAL de Santiago de Compostela, Museo do Pobo Galego en Santiago de Compostela, Hotel Samil en Vigo, ENCE, planta l\u00e1ctea INLEIT en Teixeiro, Hospital del Barbanza, Centro comercial VIALIA en Vigo, F\u00e1brica de ESTRELLA GALICIA en Coru\u00f1a, etc.<\/p>\n<h3>Hacemos mediciones y presupuestos sin compromiso.<\/h3>\n<\/div>\n<\/div>\n<\/div><\/section>\n<\/div><\/div><div class=\"flex_cell no_margin av_one_half  avia-builder-el-5  el_after_av_cell_one_half  avia-builder-el-last   \"  style='vertical-align:middle; padding:30px; ' ><div class='flex_cell_inner' ><div  class='avia-image-container avia_animated_image avia_animate_when_almost_visible fade-in av-styling-    avia-builder-el-6  avia-builder-el-no-sibling  avia-align-center '  itemprop=\"image\" itemscope=\"itemscope\" itemtype=\"https:\/\/schema.org\/ImageObject\"  ><div class='avia-image-container-inner'><div class='avia-image-overlay-wrap'><img class='wp-image-86 avia-img-lazy-loading-not-86 avia_image' src=\"https:\/\/miguezcutrin.es\/wp-content\/uploads\/2021\/05\/empresa-miguez-cutrin.jpg\" alt='' title='empresa-miguez-cutrin' height=\"640\" width=\"800\"  itemprop=\"thumbnailUrl\" srcset=\"https:\/\/miguezcutrin.es\/wp-content\/uploads\/2021\/05\/empresa-miguez-cutrin.jpg 800w, https:\/\/miguezcutrin.es\/wp-content\/uploads\/2021\/05\/empresa-miguez-cutrin-300x240.jpg 300w, https:\/\/miguezcutrin.es\/wp-content\/uploads\/2021\/05\/empresa-miguez-cutrin-768x614.jpg 768w, https:\/\/miguezcutrin.es\/wp-content\/uploads\/2021\/05\/empresa-miguez-cutrin-705x564.jpg 705w\" sizes=\"(max-width: 800px) 100vw, 800px\" \/><\/div><\/div><\/div>\n<\/div><\/div><\/div>\n","protected":false},"excerpt":{"rendered":"","protected":false},"author":1,"featured_media":0,"parent":0,"menu_order":0,"comment_status":"closed","ping_status":"closed","template":"","meta":[],"yoast_head":"<!-- This site is optimized with the Yoast SEO plugin v16.3 - https:\/\/yoast.com\/wordpress\/plugins\/seo\/ -->\n<title>Empresa - Andamios Miguez Cutr\u00edn<\/title>\n<meta name=\"robots\" content=\"index, follow, max-snippet:-1, max-image-preview:large, max-video-preview:-1\" \/>\n<link rel=\"canonical\" href=\"https:\/\/miguezcutrin.es\/index.php\/empresa\/\" \/>\n<meta property=\"og:locale\" content=\"en_US\" \/>\n<meta property=\"og:type\" content=\"article\" \/>\n<meta property=\"og:title\" content=\"Empresa - Andamios Miguez Cutr\u00edn\" \/>\n<meta property=\"og:url\" content=\"https:\/\/miguezcutrin.es\/index.php\/empresa\/\" \/>\n<meta property=\"og:site_name\" content=\"Andamios Miguez Cutr\u00edn\" \/>\n<meta property=\"article:modified_time\" content=\"2021-05-21T09:46:23+00:00\" \/>\n<meta name=\"twitter:card\" content=\"summary_large_image\" \/>\n<meta name=\"twitter:label1\" content=\"Est. reading time\">\n\t<meta name=\"twitter:data1\" content=\"3 minutes\">\n<script type=\"application\/ld+json\" class=\"yoast-schema-graph\">{\"@context\":\"https:\/\/schema.org\",\"@graph\":[{\"@type\":\"WebSite\",\"@id\":\"http:\/\/miguezcutrin.es\/#website\",\"url\":\"http:\/\/miguezcutrin.es\/\",\"name\":\"Andamios Miguez Cutr\\u00edn\",\"description\":\"Especializados en montaje, desmontaje, alquiler y venta de andamios\",\"potentialAction\":[{\"@type\":\"SearchAction\",\"target\":\"http:\/\/miguezcutrin.es\/?s={search_term_string}\",\"query-input\":\"required name=search_term_string\"}],\"inLanguage\":\"en-US\"},{\"@type\":\"WebPage\",\"@id\":\"https:\/\/miguezcutrin.es\/index.php\/empresa\/#webpage\",\"url\":\"https:\/\/miguezcutrin.es\/index.php\/empresa\/\",\"name\":\"Empresa - Andamios Miguez Cutr\\u00edn\",\"isPartOf\":{\"@id\":\"http:\/\/miguezcutrin.es\/#website\"},\"datePublished\":\"2021-05-20T07:06:12+00:00\",\"dateModified\":\"2021-05-21T09:46:23+00:00\",\"breadcrumb\":{\"@id\":\"https:\/\/miguezcutrin.es\/index.php\/empresa\/#breadcrumb\"},\"inLanguage\":\"en-US\",\"potentialAction\":[{\"@type\":\"ReadAction\",\"target\":[\"https:\/\/miguezcutrin.es\/index.php\/empresa\/\"]}]},{\"@type\":\"BreadcrumbList\",\"@id\":\"https:\/\/miguezcutrin.es\/index.php\/empresa\/#breadcrumb\",\"itemListElement\":[{\"@type\":\"ListItem\",\"position\":1,\"item\":{\"@type\":\"WebPage\",\"@id\":\"https:\/\/miguezcutrin.es\/index.php\/inicio\/\",\"url\":\"https:\/\/miguezcutrin.es\/index.php\/inicio\/\",\"name\":\"Portada\"}},{\"@type\":\"ListItem\",\"position\":2,\"item\":{\"@id\":\"https:\/\/miguezcutrin.es\/index.php\/empresa\/#webpage\"}}]}]}<\/script>\n<!-- \/ Yoast SEO plugin. -->","_links":{"self":[{"href":"https:\/\/miguezcutrin.es\/index.php\/wp-json\/wp\/v2\/pages\/17"}],"collection":[{"href":"https:\/\/miguezcutrin.es\/index.php\/wp-json\/wp\/v2\/pages"}],"about":[{"href":"https:\/\/miguezcutrin.es\/index.php\/wp-json\/wp\/v2\/types\/page"}],"author":[{"embeddable":true,"href":"https:\/\/miguezcutrin.es\/index.php\/wp-json\/wp\/v2\/users\/1"}],"replies":[{"embeddable":true,"href":"https:\/\/miguezcutrin.es\/index.php\/wp-json\/wp\/v2\/comments?post=17"}],"version-history":[{"count":11,"href":"https:\/\/miguezcutrin.es\/index.php\/wp-json\/wp\/v2\/pages\/17\/revisions"}],"predecessor-version":[{"id":243,"href":"https:\/\/miguezcutrin.es\/index.php\/wp-json\/wp\/v2\/pages\/17\/revisions\/243"}],"wp:attachment":[{"href":"https:\/\/miguezcutrin.es\/index.php\/wp-json\/wp\/v2\/media?parent=17"}],"curies":[{"name":"wp","href":"https:\/\/api.w.org\/{rel}","templated":true}]}}